{"id":2,"date":"2016-02-12T07:03:50","date_gmt":"2016-02-12T07:03:50","guid":{"rendered":"http:\/\/www.mul.hr\/?page_id=2"},"modified":"2017-03-23T22:48:51","modified_gmt":"2017-03-23T22:48:51","slug":"o_udruzi","status":"publish","type":"page","link":"https:\/\/www.mul.hr\/","title":{"rendered":"O udruzi"},"content":{"rendered":"<p class=\"western\">Multimedijalna udruga Lapi\u0161 osnovana je 6. kolovoza 2009. godine a registrirana u Opatiji 19. listopada 2009. godine. Osnovni sadr\u017eaj djelatnosti Udruge je osposobljavanje \u010dlanova za stjecanje i pro\u0161irivanje znanja i vje\u0161tina, izra\u017eavanje i potvr\u0111ivanje njihovih stvarala\u010dkih sposobnosti u svrhu primjene i kori\u0161tenja sveukupnog potencijala znanstveno-tehni\u010dkih dostignu\u0107a; poticanje, uskla\u0111ivanje i unapre\u0111ivanje sveukupnih \u010dlanova u filmskim, audio-vizualnim, informati\u010dkim i ra\u010dunalnim djelatnostima; odr\u017eavanje natjecanja, susreta, izlo\u017ebi, revija, stru\u010dnih ekskurzija te sudjelovanjem na sli\u010dnim manifestacijama drugih prire\u0111iva\u010da; poticanje na filmsko stvarala\u0161tvo, omogu\u0107ivanje amaterske produkcije, edukacije o filmu, njegovim tehni\u010dkim i umjetni\u010dkim aspektima.<\/p>\n","protected":false},"excerpt":{"rendered":"<p>Multimedijalna udruga Lapi\u0161 osnovana je 6. kolovoza 2009. godine a registrirana u Opatiji 19. listopada 2009. godine. Osnovni sadr\u017eaj djelatnosti Udruge je osposobljavanje \u010dlanova za stjecanje i pro\u0161irivanje znanja i vje\u0161tina, izra\u017eavanje i potvr\u0111ivanje njihovih stvarala\u010dkih sposobnosti u svrhu primjene i kori\u0161tenja sveukupnog potencijala znanstveno-tehni\u010dkih dostignu\u0107a; poticanje, uskla\u0111ivanje i unapre\u0111ivanje sveukupnih \u010dlanova u filmskim, audio-vizualnim, [&hellip;]<\/p>\n","protected":false},"author":1,"featured_media":0,"parent":0,"menu_order":0,"comment_status":"closed","ping_status":"open","template":"","meta":{"footnotes":""},"class_list":["post-2","page","type-page","status-publish","hentry"],"_links":{"self":[{"href":"https:\/\/www.mul.hr\/index.php\/wp-json\/wp\/v2\/pages\/2","targetHints":{"allow":["GET"]}}],"collection":[{"href":"https:\/\/www.mul.hr\/index.php\/wp-json\/wp\/v2\/pages"}],"about":[{"href":"https:\/\/www.mul.hr\/index.php\/wp-json\/wp\/v2\/types\/page"}],"author":[{"embeddable":true,"href":"https:\/\/www.mul.hr\/index.php\/wp-json\/wp\/v2\/users\/1"}],"replies":[{"embeddable":true,"href":"https:\/\/www.mul.hr\/index.php\/wp-json\/wp\/v2\/comments?post=2"}],"version-history":[{"count":2,"href":"https:\/\/www.mul.hr\/index.php\/wp-json\/wp\/v2\/pages\/2\/revisions"}],"predecessor-version":[{"id":6,"href":"https:\/\/www.mul.hr\/index.php\/wp-json\/wp\/v2\/pages\/2\/revisions\/6"}],"wp:attachment":[{"href":"https:\/\/www.mul.hr\/index.php\/wp-json\/wp\/v2\/media?parent=2"}],"curies":[{"name":"wp","href":"https:\/\/api.w.org\/{rel}","templated":true}]}}