{"id":22,"date":"2017-03-23T22:57:06","date_gmt":"2017-03-23T22:57:06","guid":{"rendered":"http:\/\/www.mul.hr\/?page_id=22"},"modified":"2017-03-23T22:57:06","modified_gmt":"2017-03-23T22:57:06","slug":"linux","status":"publish","type":"page","link":"https:\/\/www.mul.hr\/index.php\/projekti\/linux\/","title":{"rendered":"Linux"},"content":{"rendered":"<p class=\"western\">Linux te\u010daj poku\u0161aj je da se podigne svijest gra\u0111ana a posebno mladih da postoji besplatna i legalna verzija operativnog sustava. Poku\u0161aj je to da se kod gra\u0111ana stvori svijest o problemu piratizacije softvera i intelektualnog vlasni\u0161tva.<\/p>\n<p class=\"western\">Stranica je trenutno u izradi<\/p>\n","protected":false},"excerpt":{"rendered":"<p>Linux te\u010daj poku\u0161aj je da se podigne svijest gra\u0111ana a posebno mladih da postoji besplatna i legalna verzija operativnog sustava. Poku\u0161aj je to da se kod gra\u0111ana stvori svijest o problemu piratizacije softvera i intelektualnog vlasni\u0161tva. Stranica je trenutno u izradi<\/p>\n","protected":false},"author":1,"featured_media":0,"parent":7,"menu_order":3,"comment_status":"closed","ping_status":"closed","template":"","meta":{"footnotes":""},"class_list":["post-22","page","type-page","status-publish","hentry"],"_links":{"self":[{"href":"https:\/\/www.mul.hr\/index.php\/wp-json\/wp\/v2\/pages\/22","targetHints":{"allow":["GET"]}}],"collection":[{"href":"https:\/\/www.mul.hr\/index.php\/wp-json\/wp\/v2\/pages"}],"about":[{"href":"https:\/\/www.mul.hr\/index.php\/wp-json\/wp\/v2\/types\/page"}],"author":[{"embeddable":true,"href":"https:\/\/www.mul.hr\/index.php\/wp-json\/wp\/v2\/users\/1"}],"replies":[{"embeddable":true,"href":"https:\/\/www.mul.hr\/index.php\/wp-json\/wp\/v2\/comments?post=22"}],"version-history":[{"count":1,"href":"https:\/\/www.mul.hr\/index.php\/wp-json\/wp\/v2\/pages\/22\/revisions"}],"predecessor-version":[{"id":23,"href":"https:\/\/www.mul.hr\/index.php\/wp-json\/wp\/v2\/pages\/22\/revisions\/23"}],"up":[{"embeddable":true,"href":"https:\/\/www.mul.hr\/index.php\/wp-json\/wp\/v2\/pages\/7"}],"wp:attachment":[{"href":"https:\/\/www.mul.hr\/index.php\/wp-json\/wp\/v2\/media?parent=22"}],"curies":[{"name":"wp","href":"https:\/\/api.w.org\/{rel}","templated":true}]}}