{"id":24,"date":"2017-03-23T22:57:39","date_gmt":"2017-03-23T22:57:39","guid":{"rendered":"http:\/\/www.mul.hr\/?page_id=24"},"modified":"2017-03-23T22:58:46","modified_gmt":"2017-03-23T22:58:46","slug":"gimp","status":"publish","type":"page","link":"https:\/\/www.mul.hr\/index.php\/projekti\/gimp\/","title":{"rendered":"Gimp"},"content":{"rendered":"<p class=\"western\">GIMP te\u010daj predstavlja, poput te\u010daja Linux, poku\u0161aj da se smanji broj piratizacija i kori\u0161tenja nelegalnog softvera. GIMP je program za obradu fotografija. Naj\u010de\u0161\u0107e je iskori\u0161tavan Adobe Photoshop kao jedna od najboljih komercijalnih rje\u0161enja ne znaju\u0107i da\u00a0 postoji nekoliko odli\u010dnih besplatnih rje\u0161enja od kojih je GIMP zasigurno ponajbolji.\u200b<\/p>\n<p class=\"western\">Stranica je trenutno u izradi<\/p>\n","protected":false},"excerpt":{"rendered":"<p>GIMP te\u010daj predstavlja, poput te\u010daja Linux, poku\u0161aj da se smanji broj piratizacija i kori\u0161tenja nelegalnog softvera. GIMP je program za obradu fotografija. Naj\u010de\u0161\u0107e je iskori\u0161tavan Adobe Photoshop kao jedna od najboljih komercijalnih rje\u0161enja ne znaju\u0107i da\u00a0 postoji nekoliko odli\u010dnih besplatnih rje\u0161enja od kojih je GIMP zasigurno ponajbolji.\u200b Stranica je trenutno u izradi<\/p>\n","protected":false},"author":1,"featured_media":0,"parent":7,"menu_order":4,"comment_status":"closed","ping_status":"closed","template":"","meta":{"footnotes":""},"class_list":["post-24","page","type-page","status-publish","hentry"],"_links":{"self":[{"href":"https:\/\/www.mul.hr\/index.php\/wp-json\/wp\/v2\/pages\/24","targetHints":{"allow":["GET"]}}],"collection":[{"href":"https:\/\/www.mul.hr\/index.php\/wp-json\/wp\/v2\/pages"}],"about":[{"href":"https:\/\/www.mul.hr\/index.php\/wp-json\/wp\/v2\/types\/page"}],"author":[{"embeddable":true,"href":"https:\/\/www.mul.hr\/index.php\/wp-json\/wp\/v2\/users\/1"}],"replies":[{"embeddable":true,"href":"https:\/\/www.mul.hr\/index.php\/wp-json\/wp\/v2\/comments?post=24"}],"version-history":[{"count":1,"href":"https:\/\/www.mul.hr\/index.php\/wp-json\/wp\/v2\/pages\/24\/revisions"}],"predecessor-version":[{"id":25,"href":"https:\/\/www.mul.hr\/index.php\/wp-json\/wp\/v2\/pages\/24\/revisions\/25"}],"up":[{"embeddable":true,"href":"https:\/\/www.mul.hr\/index.php\/wp-json\/wp\/v2\/pages\/7"}],"wp:attachment":[{"href":"https:\/\/www.mul.hr\/index.php\/wp-json\/wp\/v2\/media?parent=24"}],"curies":[{"name":"wp","href":"https:\/\/api.w.org\/{rel}","templated":true}]}}