{"id":28,"date":"2017-03-23T23:00:08","date_gmt":"2017-03-23T23:00:08","guid":{"rendered":"http:\/\/www.mul.hr\/?page_id=28"},"modified":"2017-03-24T08:55:15","modified_gmt":"2017-03-24T08:55:15","slug":"video-galerija","status":"publish","type":"page","link":"https:\/\/www.mul.hr\/index.php\/video-galerija\/","title":{"rendered":"Video galerija"},"content":{"rendered":"<p class=\"western\">Produkcijska ostvarenja Multimedijalne udruge &#8220;Lapi\u0161&#8221;<\/p>\n<p class=\"western\">\n<p class=\"western\"><strong>IZGUBLJEN<\/strong><\/p>\n<p><iframe loading=\"lazy\" src=\"https:\/\/player.vimeo.com\/video\/43783961\" width=\"640\" height=\"360\" frameborder=\"0\" allowfullscreen=\"allowfullscreen\"><\/iframe><\/p>\n<p class=\"western\">Re\u017eija: Igor Pauli\u0107<\/p>\n<p class=\"western\">Glumci: Sara Bla\u017ei\u0107, Luka Liker<\/p>\n<p class=\"western\">Scenarij: Travis Destein<\/p>\n<p class=\"western\">\u200bGlazba: Tom Fahy<\/p>\n<p class=\"western\">\u200b<\/p>\n<p class=\"western\"><strong>MERLIN PULA<\/strong><\/p>\n<p><iframe loading=\"lazy\" src=\"https:\/\/www.youtube.com\/embed\/8o4Vc2o1QnQ\" width=\"640\" height=\"360\" frameborder=\"0\" allowfullscreen=\"allowfullscreen\"><\/iframe><\/p>\n<p class=\"western\">Kratki promotivni film o radu Udruge za promicanje kreativnosti Merlin u pred\u0161kolskoj igraonici\u00a0 &#8220;Jutarnji cvijet&#8221; u Vodnjanu i radionici izrade suvenira &#8220;Rimski osmjesi&#8221;<\/p>\n<p class=\"western\">\u200b<\/p>\n<p class=\"western\"><strong>LAZY SONG<\/strong><\/p>\n<p><iframe loading=\"lazy\" src=\"https:\/\/www.youtube.com\/embed\/FFqLEjlWy6I\" width=\"640\" height=\"480\" frameborder=\"0\" allowfullscreen=\"allowfullscreen\"><\/iframe><\/p>\n<p class=\"western\">Zavr\u0161ni uradak sa radionice &#8220;\u0160kola Filmske Kulture 2011\u200b&#8221; u O\u0160 &#8220;Rikard Katalini\u0107 Jeretov&#8221; Opatija. Sudjelovali su u\u010denici medijske sekcije od petog do osmog razreda.<\/p>\n<p class=\"western\">\u200b<\/p>\n<p class=\"western\"><strong>TRAILER: LIBURNICON 2011<\/strong><\/p>\n<p><iframe loading=\"lazy\" src=\"https:\/\/www.youtube.com\/embed\/vARN6Ow-2l0\" width=\"640\" height=\"360\" frameborder=\"0\" allowfullscreen=\"allowfullscreen\"><\/iframe><\/p>\n<p class=\"western\">Najavni film za Liburnicon 2011 na temu filmskog \u017eanra znanstvene fantastike\u200b. Scenarij David \u0160uker, sudjelovali \u010dlanovi udruge Kulturni Front.<\/p>\n<p class=\"western\">\u200b<\/p>\n<p class=\"western\"><strong>RASTRESENOST<\/strong><\/p>\n<p><iframe loading=\"lazy\" src=\"https:\/\/www.youtube.com\/embed\/Tr4rJ2Q9co8\" width=\"640\" height=\"360\" frameborder=\"0\" allowfullscreen=\"allowfullscreen\"><\/iframe><\/p>\n<p class=\"western\">Zavr\u0161ni uradak radionice &#8220;\u0160kola Filmske Kulture 2010&#8221; u O\u0160 &#8220;Rikard Katalini\u0107 Jeretov&#8221; Opatija. Sudjelovali su u\u010denici medijske sekcije\u00a0sedmog i\u00a0osmog razreda.<\/p>\n<p class=\"western\">\u200b<\/p>\n<p class=\"western\"><strong>TRAILER: LIBURNICON 2010<\/strong><\/p>\n<p><iframe loading=\"lazy\" src=\"https:\/\/www.youtube.com\/embed\/sXf_-lse1HU\" width=\"640\" height=\"360\" frameborder=\"0\" allowfullscreen=\"allowfullscreen\"><\/iframe><\/p>\n<p class=\"western\">\u200bNajavni film za Liburnicon 2010 na temu filmskog \u017eanra fantastike. Po predlo\u0161ku udruge Kulturni Front.<\/p>\n","protected":false},"excerpt":{"rendered":"<p>Produkcijska ostvarenja Multimedijalne udruge &#8220;Lapi\u0161&#8221; IZGUBLJEN Re\u017eija: Igor Pauli\u0107 Glumci: Sara Bla\u017ei\u0107, Luka Liker Scenarij: Travis Destein \u200bGlazba: Tom Fahy \u200b MERLIN PULA Kratki promotivni film o radu Udruge za promicanje kreativnosti Merlin u pred\u0161kolskoj igraonici\u00a0 &#8220;Jutarnji cvijet&#8221; u Vodnjanu i radionici izrade suvenira &#8220;Rimski osmjesi&#8221; \u200b LAZY SONG Zavr\u0161ni uradak sa radionice &#8220;\u0160kola Filmske [&hellip;]<\/p>\n","protected":false},"author":1,"featured_media":0,"parent":0,"menu_order":0,"comment_status":"closed","ping_status":"closed","template":"","meta":{"footnotes":""},"class_list":["post-28","page","type-page","status-publish","hentry"],"_links":{"self":[{"href":"https:\/\/www.mul.hr\/index.php\/wp-json\/wp\/v2\/pages\/28","targetHints":{"allow":["GET"]}}],"collection":[{"href":"https:\/\/www.mul.hr\/index.php\/wp-json\/wp\/v2\/pages"}],"about":[{"href":"https:\/\/www.mul.hr\/index.php\/wp-json\/wp\/v2\/types\/page"}],"author":[{"embeddable":true,"href":"https:\/\/www.mul.hr\/index.php\/wp-json\/wp\/v2\/users\/1"}],"replies":[{"embeddable":true,"href":"https:\/\/www.mul.hr\/index.php\/wp-json\/wp\/v2\/comments?post=28"}],"version-history":[{"count":5,"href":"https:\/\/www.mul.hr\/index.php\/wp-json\/wp\/v2\/pages\/28\/revisions"}],"predecessor-version":[{"id":51,"href":"https:\/\/www.mul.hr\/index.php\/wp-json\/wp\/v2\/pages\/28\/revisions\/51"}],"wp:attachment":[{"href":"https:\/\/www.mul.hr\/index.php\/wp-json\/wp\/v2\/media?parent=28"}],"curies":[{"name":"wp","href":"https:\/\/api.w.org\/{rel}","templated":true}]}}