{"id":7,"date":"2017-03-23T22:49:54","date_gmt":"2017-03-23T22:49:54","guid":{"rendered":"http:\/\/www.mul.hr\/?page_id=7"},"modified":"2017-03-23T22:54:27","modified_gmt":"2017-03-23T22:54:27","slug":"projekti","status":"publish","type":"page","link":"https:\/\/www.mul.hr\/index.php\/projekti\/","title":{"rendered":"Projekti"},"content":{"rendered":"<p class=\"western\">Rad udruge manifestira se kroz projekte koje udruga provodi i projekte na kojima sudjeluje. Multimedijalna udruga &#8220;Lapi\u0161&#8221; od svoga osnutka pokrenula je nekoliko projekata koji su bili prepoznati od zajednice u kojoj djeluje i koji su se pokazali ne samo zanimljivi ve\u0107 i potrebni.<\/p>\n<p class=\"western\">VIDEO<\/p>\n<p class=\"western\">Pro\u0161lo je vrijeme kada je izrada video uradaka bila nedosti\u017ena ma\u0161tarija pojedinaca. Danas je video sveprisutan. Gotovo svatko posjeduje neku kameru, rje\u0111e onu filmsku ali zasigurno ugra\u0111enu u mobilnom telefonu.<\/p>\n<p class=\"western\">Bez obzira na tehniku snimanja i dostupnu tehnologiju \u010dlanovi udruge imaju ljubav prema filmu i stvaranju vlastitih video uradaka.<\/p>\n<p class=\"western\">INFORMATIKA<\/p>\n<p class=\"western\">Informatika je danas sastavni dio \u017eivota. Ulazi u svaku poru dru\u0161tva i u gotovo svaki posao. Projektiranje, programiranje, pretra\u017eivanje podataka, tra\u017eenje nekog proizvoda, dopisivanje, slu\u0161anje glazbe ili gledanje filmova danas je te\u0161ko zamisliti na neki drugi na\u010din. Ra\u010dunala nam poma\u017eu u svakodnevnom \u017eivotu i vi\u0161e nisu luksuz ve\u0107 stvarna potreba.<\/p>\n<p class=\"western\">Rad sa ljudima zaljubljenicima u ra\u010dunala mo\u017eemo pro\u0161iriti svoja znanja i horizonte, ste\u0107i neke nove ideje i kroz razli\u010dite projekte afirmirati sebe.<\/p>\n<p class=\"western\">EDUKACIJA<\/p>\n<p class=\"western\">\u010covjek u\u010di dok je \u017eiv i\u00a0\u010dovjek nikada nije prestar da bi u\u010dio samo su neke od poznatih narodnih mudrosti poznatih ve\u0107 stolje\u0107ima. Znanje je pokreta\u010d svijeta u pozitivnom smjeru, te se zato udruga bavi edukacijom mlade\u017ei ali i starijih za postizanje potrebnih znanja u \u017eivotu ali i za postizanje vlastitog zadovoljstva.<\/p>\n<p class=\"western\">\u0160kola Filmske Kulture projekt je namjenjen djeci od petog do osmog razreda osnovne \u0161kole a za cilj ima pru\u017eiti osnovna znanja o filmu, filmskom jeziku, radu sa kamerom, snimanju zvuka, video monta\u017ei.<\/p>\n<p class=\"western\">Linux te\u010daj poku\u0161aj je da se podigne svijest gra\u0111ana a posebno mladih da postoji besplatna i legalna verzija operativnog sustava. Poku\u0161aj je to da se kod gra\u0111ana stvori svijest o problemu piratizacije softvera i intelektualnog vlasni\u0161tva.<\/p>\n<p class=\"western\">GIMP te\u010daj predstavlja, poput te\u010daja Linux, poku\u0161aj da se smanji broj piratizacija i kori\u0161tenja nelegalnog softvera. GIMP je program za obradu fotografija. Naj\u010de\u0161\u0107e je\u00a0iskori\u0161tavan Adobe Photoshop kao jedna od najboljih komercijalnih rje\u0161enja ne znaju\u0107i da\u00a0 postoji nekoliko odli\u010dnih besplatnih rje\u0161enja od kojih je GIMP zasigurno ponajbolji.<\/p>\n<p class=\"western\">Windows i MS Office paket za starije te\u010daj je namijenjen onima koji nisu do sada imali priliku upoznati se sa na svijetu najrasprostranjenijim operativnim sustavom i paketom alata za uredske poslove (Word, Excell). Te\u010daj tako\u0111er pokriva i upoznavanje sa internetom, pretra\u017eivanjem interneta te kori\u0161tenja elektronske po\u0161te.<\/p>\n<p class=\"western\">OSTALI PROJEKTI<\/p>\n<p class=\"western\">Multimedijalna udruga &#8220;Lapi\u0161&#8221; osim projekata videa, informatike i edukacije sudjeluje i na nekoliko projekata drugih udruga. Rado sudjelujemo u projektima zajednice kao \u0161to je Opatija Fight Night, Dan \u0161kole RKJ Opatija te u radu ZTK Opatija.\u200b<\/p>\n<p class=\"western\">Osim projekata koji se trenutno provode\u00a0 i projekata na kojima sudjelujemo tijekom godina, u planu je pokrenuti nove projekte, upotpuniti djelatnosti udruge, te dodatno pro\u0161iriti ponudu gra\u0111anima koji su i do sada pokazali izniman interes za u\u010denje novoga i pro\u0161irenje znanja iz podru\u010dja tehni\u010dke kulture.<\/p>\n","protected":false},"excerpt":{"rendered":"<p>Rad udruge manifestira se kroz projekte koje udruga provodi i projekte na kojima sudjeluje. Multimedijalna udruga &#8220;Lapi\u0161&#8221; od svoga osnutka pokrenula je nekoliko projekata koji su bili prepoznati od zajednice u kojoj djeluje i koji su se pokazali ne samo zanimljivi ve\u0107 i potrebni. VIDEO Pro\u0161lo je vrijeme kada je izrada video uradaka bila nedosti\u017ena [&hellip;]<\/p>\n","protected":false},"author":1,"featured_media":0,"parent":0,"menu_order":0,"comment_status":"closed","ping_status":"closed","template":"","meta":{"footnotes":""},"class_list":["post-7","page","type-page","status-publish","hentry"],"_links":{"self":[{"href":"https:\/\/www.mul.hr\/index.php\/wp-json\/wp\/v2\/pages\/7","targetHints":{"allow":["GET"]}}],"collection":[{"href":"https:\/\/www.mul.hr\/index.php\/wp-json\/wp\/v2\/pages"}],"about":[{"href":"https:\/\/www.mul.hr\/index.php\/wp-json\/wp\/v2\/types\/page"}],"author":[{"embeddable":true,"href":"https:\/\/www.mul.hr\/index.php\/wp-json\/wp\/v2\/users\/1"}],"replies":[{"embeddable":true,"href":"https:\/\/www.mul.hr\/index.php\/wp-json\/wp\/v2\/comments?post=7"}],"version-history":[{"count":2,"href":"https:\/\/www.mul.hr\/index.php\/wp-json\/wp\/v2\/pages\/7\/revisions"}],"predecessor-version":[{"id":17,"href":"https:\/\/www.mul.hr\/index.php\/wp-json\/wp\/v2\/pages\/7\/revisions\/17"}],"wp:attachment":[{"href":"https:\/\/www.mul.hr\/index.php\/wp-json\/wp\/v2\/media?parent=7"}],"curies":[{"name":"wp","href":"https:\/\/api.w.org\/{rel}","templated":true}]}}